{"id":2614,"date":"2023-05-25T12:25:05","date_gmt":"2023-05-25T10:25:05","guid":{"rendered":"https:\/\/j-aime-pas.com\/?page_id=2614"},"modified":"2023-08-10T15:50:25","modified_gmt":"2023-08-10T13:50:25","slug":"espace-traducteurs","status":"publish","type":"page","link":"https:\/\/www.connected-services.net\/en\/espace-traducteurs\/","title":{"rendered":"Space for translators"},"content":{"rendered":"<p>[et_pb_section fb_built=\u00a0\u00bb1&Prime; admin_label=\u00a0\u00bbFeatures\u00a0\u00bb _builder_version=\u00a0\u00bb4.21.0&Prime; background_enable_color=\u00a0\u00bboff\u00a0\u00bb custom_padding=\u00a0\u00bb||||false|false\u00a0\u00bb locked=\u00a0\u00bboff\u00a0\u00bb global_colors_info=\u00a0\u00bb{%22gcid-9a61d881-81ba-4e36-9640-caa1682c86a1%22:%91%22background_color%22%93}\u00a0\u00bb][et_pb_row _builder_version=\u00a0\u00bb4.21.0&Prime; _module_preset=\u00a0\u00bbdefault\u00a0\u00bb global_colors_info=\u00a0\u00bb{}\u00a0\u00bb][et_pb_column type=\u00a0\u00bb4_4&Prime; _builder_version=\u00a0\u00bb4.21.0&Prime; _module_preset=\u00a0\u00bbdefault\u00a0\u00bb global_colors_info=\u00a0\u00bb{}\u00a0\u00bb][et_pb_text _builder_version=\u00a0\u00bb4.21.2&Prime; _module_preset=\u00a0\u00bbdefault\u00a0\u00bb header_text_align=\u00a0\u00bbcenter\u00a0\u00bb header_text_color=\u00a0\u00bbgcid-0af6c0c3-fee5-4382-b8b7-3dceb5d20047&Prime; header_font_size=\u00a0\u00bb38px\u00a0\u00bb hover_enabled=\u00a0\u00bb0&Prime; header_font_size_tablet=\u00a0\u00bb38px\u00a0\u00bb header_font_size_phone=\u00a0\u00bb38px\u00a0\u00bb header_font_size_last_edited=\u00a0\u00bbon|desktop\u00a0\u00bb global_colors_info=\u00a0\u00bb{%22gcid-0af6c0c3-fee5-4382-b8b7-3dceb5d20047%22:%91%22header_text_color%22%93}\u00a0\u00bb sticky_enabled=\u00a0\u00bb0&Prime;]<\/p>\n<h1>Space for translators<\/h1>\n<p>[\/et_pb_text][\/et_pb_column][\/et_pb_row][et_pb_row _builder_version=\u00a0\u00bb4.21.0&Prime; _module_preset=\u00a0\u00bbdefault\u00a0\u00bb global_colors_info=\u00a0\u00bb{}\u00a0\u00bb][et_pb_column type=\u00a0\u00bb4_4&Prime; _builder_version=\u00a0\u00bb4.21.0&Prime; _module_preset=\u00a0\u00bbdefault\u00a0\u00bb global_colors_info=\u00a0\u00bb{}\u00a0\u00bb][et_pb_code _builder_version=\u00a0\u00bb4.21.0&Prime; _module_preset=\u00a0\u00bbdefault\u00a0\u00bb global_colors_info=\u00a0\u00bb{}\u00a0\u00bb]<iframe loading=\"lazy\" src=\"https:\/\/intranet.connected-services.net\/TPBox?tradregister&#038;FRE\" width=\"1200\" height=\"850\" frameborder=\"0\" style=\"border:0\" allowfullscreen><\/iframe>[\/et_pb_code][\/et_pb_column][\/et_pb_row][\/et_pb_section]<\/p>","protected":false},"excerpt":{"rendered":"<p>Space for translators<\/p>","protected":false},"author":5,"featured_media":0,"parent":0,"menu_order":0,"comment_status":"closed","ping_status":"closed","template":"","meta":{"_et_pb_use_builder":"on","_et_pb_old_content":"[vc_row full_width=\"stretch_row_content\" css=\".vc_custom_1663840533688{border-bottom-width: 1px !important;background-color: #ffffff !important;border-bottom-color: #f3f3f3 !important;border-bottom-style: solid !important;}\"][vc_column][vc_single_image image=\"1932\" img_size=\"full\" alignment=\"center\" onclick=\"custom_link\" link=\"https:\/\/www.connected-services.net\/agence-de-traduction\/\"][vc_column_text]\n<p style=\"text-align: center;\"><a class=\"mybtviolet\" href=\"https:\/\/www.connected-services.net\/lequipe-de-traducteurs-et-dinterpretes\/\">L'\u00e9quipe de traducteurs<\/a>\u00a0\u00a0\u00a0<a class=\"mybtviolet\" href=\"https:\/\/www.connected-services.net\/la-methode-de-travail-de-traduction\/\">La m\u00e9thode de traduction<\/a>\u00a0\u00a0\u00a0<a class=\"mybtviolet\" href=\"https:\/\/www.connected-services.net\/espace-pour-les-traducteurs\/\">Espace traducteurs <\/a>\u00a0\u00a0\u00a0<a class=\"mybtviolet\" href=\"https:\/\/www.connected-services.net\/glossaire-de-traduction\/\">Glossaire de traduction<\/a>\u00a0\u00a0\u00a0<a class=\"mybtgrey\" href=\"https:\/\/www.connected-services.net\/devis\/\">Demander un devis<\/a><\/p>\n[\/vc_column_text][\/vc_column][\/vc_row][vc_row full_width=\"stretch_row_content_no_spaces\" css=\".vc_custom_1642449923971{margin-top: -30px !important;}\"][vc_column][vc_empty_space][vc_column_text css=\".vc_custom_1663851279346{padding-right: 15% !important;padding-left: 15% !important;}\"]\n<p style=\"text-align: justify;\"><span id=\"p3109\">Vos documents sont le reflet de votre soci\u00e9t\u00e9.<\/span><span id=\"p3110\"> <span id=\"3119\">Chaque<\/span> mot, <span id=\"3120\">chaque<\/span> expression a\u00a0\u00e9t\u00e9 choisi pour son impact.<\/span><span id=\"p3111\">\u00a0<span id=\"p2935\"><span id=\"2952\">Nous <\/span>avons conscience du\u00a0<span id=\"2953\">poids<\/span> <span id=\"2954\">\u00e9conomique<\/span> de chacun d'entre eux.<\/span><span id=\"p3165\">\u00a0Parce que\u00a0n<\/span><\/span><span id=\"p3112\"><span id=\"3114\">otre agence de traduction et ses collaborateurs<\/span>\u00a0<span id=\"3116\">l<\/span>'<span id=\"3117\">ont<\/span>\u00a0<span id=\"3118\">compris, ils\u00a0<\/span>vous accompagnent dans la traduction de l'ensemble de vos documents.<\/span><\/p>\n[\/vc_column_text][\/vc_column][\/vc_row][vc_row full_width=\"stretch_row_content_no_spaces\"][vc_column offset=\"vc_hidden-xs\"][rev_slider_vc alias=\"CTA-Translate\"][\/vc_column][\/vc_row][vc_row full_width=\"stretch_row\" equal_height=\"yes\" content_placement=\"middle\" css=\".vc_custom_1643098088341{background-color: #22011dff !important;}\"][vc_column offset=\"vc_hidden-lg vc_hidden-md vc_hidden-sm\"][vc_column_text]\n<h2><span style=\"color: #ffffff;\"><strong><span style=\"font-size: 14pt;\">Essayez une qualit\u00e9 de traduction optimale.<\/span><\/strong><\/span><\/h2>\n<h3><span style=\"color: #ffffff; font-size: 24pt;\">LES 500 PREMIERS MOTS DE VOTRE TRADUCTION SONT GRATUITS* !<\/span><\/h3>\n<span style=\"font-size: 10pt; color: #ffffff;\"><em>* Pour tout nouveau client. Applicable \u00e0 la premi\u00e8re commande seulement. Offre non cumulable.<\/em><\/span>[\/vc_column_text][contact-form-7 id=\"450\"][\/vc_column][\/vc_row][vc_row][vc_column width=\"1\/2\"][vc_column_text]\n<p style=\"text-align: justify;\"><span style=\"color: #000000;\"><span id=\"p3166\">Nous intervenons dans tous les domaines <span id=\"3181\">techniques<\/span>, scientifiques, juridiques, financiers, industriels et <span id=\"3182\">commerciaux<\/span>.<\/span><span id=\"p3167\">\u00a0<\/span><\/span>\n<span id=\"p3168\" style=\"color: #000000;\">Appuyez-vous sur l'\u00e9quipe de traducteurs professionnels de notre agence de traduction pour vos documents techniques ou r\u00e9dactionnels. La demande de nos clients est tr\u00e8s forte en traduction fran\u00e7ais-anglais et\u00a0traduction anglais-fran\u00e7ais.<\/span><\/p>\n[\/vc_column_text][vc_column_text]\n<p style=\"text-align: left;\"><a class=\"mybtviolet\" href=\"https:\/\/www.connected-services.net\/traduction-anglais-technique\/\">Notre offre de traduction en anglais technique<\/a><\/p>\n[\/vc_column_text][\/vc_column][vc_column width=\"1\/2\"][vc_column_text]\n<p style=\"text-align: justify;\"><span id=\"p3168\" style=\"color: #000000;\"><span id=\"p3170\">Nos traducteurs ont une solide exp\u00e9rience dans de nombreux secteurs d'activit\u00e9s\u00a0:<\/span><span id=\"p3171\"> nucl\u00e9aire, contrats, finance, architecture, nouvelles technologies, jeux vid\u00e9o, sites Internet, logiciels, brochures, t\u00e9l\u00e9communications, transport et logistique, culture, tourisme, etc.<\/span><span id=\"p3172\">\u00a0<\/span><\/span><\/p>\n<p style=\"text-align: justify;\"><span id=\"p3168\" style=\"color: #000000;\"><span id=\"p3172\">Nous r\u00e9pondons \u00e0\u00a0l\u2019ensemble de vos besoins linguistiques.<\/span><\/span><\/p>\n[\/vc_column_text][vc_column_text]\n<p style=\"text-align: left;\"><a class=\"mybtviolet\" href=\"https:\/\/www.connected-services.net\/traduction-francais-anglais-marketing\/\">Notre offre en traduction marketing<\/a><\/p>\n[\/vc_column_text][\/vc_column][\/vc_row][vc_row full_width=\"stretch_row\" css=\".vc_custom_1632900750312{margin-top: 30px !important;border-bottom-width: 30px !important;background-color: #e6dcebff !important;}\"][vc_column][vc_column_text]\n<h2><strong><span style=\"color: #000000;\">UNE QUALIT\u00c9 DE TRADUCTION OPTIMALE :\u00a0DOUBLE RELECTURE DES DOCUMENTS EN INTERNE.<\/span><\/strong><\/h2>\n<p style=\"text-align: justify;\"><span style=\"color: #000000;\"><span id=\"p3177\"><span id=\"3184\">Install\u00e9e \u00e0 Marseille\u00a0et \u00e0 Paris,\u00a0Connected<\/span> <span id=\"3185\">Language<\/span> Services propose aux entreprises des services de\u00a0<span id=\"3189\">traduction<\/span>\u00a0\u00e0 haute valeur ajout\u00e9e. Nous intervenons dans les domaines\u00a0techniques et commerciaux.<\/span><span id=\"p3178\">\u00a0Notre agence de <span id=\"3190\">traduction<\/span> et ses traducteurs exp\u00e9riment\u00e9s prennent\u00a0en charge vos projets de <span id=\"3191\">traduction<\/span> dans de nombreuses <span id=\"3187\">langues<\/span> :<\/span><span id=\"p3179\"> anglais, fran\u00e7ais, allemand, espagnol, italien, portugais, arabe et bien d\u2019autres <span id=\"3188\">langues<\/span> sur demande.<\/span><\/span>\n<span id=\"p3180\" style=\"color: #000000;\">Nous travaillons avec vous pour assurer une <span id=\"3192\">traduction<\/span> fid\u00e8le aux textes originaux. Nos traducteurs, de langue maternelle, travaillent toujours en bin\u00f4me. L'un des traducteurs effectue la traduction du texte et le deuxi\u00e8me traducteur relit et r\u00e9vise la traduction pour une qualit\u00e9 optimale. La coh\u00e9rence de la terminologie est toujours respect\u00e9e gr\u00e2ce \u00e0 nos processus de gestion de glossaires et de contr\u00f4les internes.<\/span><\/p>\n[\/vc_column_text][vc_column_text]\n<p style=\"text-align: center;\"><a class=\"mybtviolet\" href=\"https:\/\/www.connected-services.net\/methode-de-travail-des-traducteurs\/\">Nos principes de qualit\u00e9 pour les traducteurs<\/a><\/p>\n[\/vc_column_text][\/vc_column][\/vc_row][vc_row full_width=\"stretch_row_content_no_spaces\" equal_height=\"yes\" content_placement=\"middle\" css=\".vc_custom_1663851367486{margin-top: 0px !important;margin-bottom: 0px !important;border-top-width: 0px !important;border-bottom-width: 0px !important;padding-top: 0px !important;padding-bottom: 0px !important;}\"][vc_column css=\".vc_custom_1643031339602{margin-top: 0px !important;margin-bottom: 0px !important;border-top-width: 0px !important;border-bottom-width: 0px !important;padding-top: 0px !important;padding-bottom: 0px !important;}\"][vc_column_text css=\".vc_custom_1643031351350{margin-top: 0px !important;margin-bottom: 0px !important;border-top-width: 0px !important;border-bottom-width: 0px !important;padding-top: 0px !important;padding-bottom: 0px !important;}\"][rev_slider alias=\"footer-translate\"][\/vc_column_text][\/vc_column][\/vc_row][vc_row full_width=\"stretch_row_content\" css=\".vc_custom_1663843748100{border-top-width: 1px !important;border-top-color: #f3f3f3 !important;border-top-style: solid !important;}\"][vc_column][vc_column_text]\n<h3 style=\"text-align: center;\"><span style=\"color: #000000;\"><a style=\"color: #000000;\" href=\"http:\/\/www.connected-services.net\/qui-sommes-nous\/\">QUI EST CONNECTED SERVICES<\/a> | <a style=\"color: #000000;\" href=\"http:\/\/www.connected-services.net\/traducteurs-intepretes-anglais-francais\/\">L'\u00c9QUIPE DE TRADUCTEURS &amp; INTERPR\u00c8TES<\/a>\u00a0| <a style=\"color: #000000;\" href=\"http:\/\/www.connected-services.net\/societe-de-traduction-nos-valeurs\/\">NOS VALEURS\u00a0<\/a><\/span><\/h3>\n[\/vc_column_text][\/vc_column][\/vc_row]","_et_gb_content_width":"","footnotes":""},"class_list":["post-2614","page","type-page","status-publish","hentry"],"yoast_head":"<!-- This site is optimized with the Yoast SEO plugin v22.3 - https:\/\/yoast.com\/wordpress\/plugins\/seo\/ -->\n<title>Espace traducteurs - Connected Language Services<\/title>\n<meta name=\"robots\" content=\"index, follow, max-snippet:-1, max-image-preview:large, max-video-preview:-1\" \/>\n<link rel=\"canonical\" href=\"https:\/\/www.connected-services.net\/en\/espace-traducteurs\/\" \/>\n<meta property=\"og:locale\" content=\"en_US\" \/>\n<meta property=\"og:type\" content=\"article\" \/>\n<meta property=\"og:title\" content=\"Espace traducteurs - Connected Language Services\" \/>\n<meta property=\"og:description\" content=\"Espace traducteurs\" \/>\n<meta property=\"og:url\" content=\"https:\/\/www.connected-services.net\/en\/espace-traducteurs\/\" \/>\n<meta property=\"og:site_name\" content=\"Connected Language Services\" \/>\n<meta property=\"article:modified_time\" content=\"2023-08-10T13:50:25+00:00\" \/>\n<meta name=\"twitter:card\" content=\"summary_large_image\" \/>\n<meta name=\"twitter:label1\" content=\"Est. reading time\" \/>\n\t<meta name=\"twitter:data1\" content=\"1 minute\" \/>\n<script type=\"application\/ld+json\" class=\"yoast-schema-graph\">{\"@context\":\"https:\/\/schema.org\",\"@graph\":[{\"@type\":\"WebPage\",\"@id\":\"https:\/\/www.connected-services.net\/espace-traducteurs\/\",\"url\":\"https:\/\/www.connected-services.net\/espace-traducteurs\/\",\"name\":\"Espace traducteurs - Connected Language Services\",\"isPartOf\":{\"@id\":\"https:\/\/www.connected-services.net\/#website\"},\"datePublished\":\"2023-05-25T10:25:05+00:00\",\"dateModified\":\"2023-08-10T13:50:25+00:00\",\"breadcrumb\":{\"@id\":\"https:\/\/www.connected-services.net\/espace-traducteurs\/#breadcrumb\"},\"inLanguage\":\"en-US\",\"potentialAction\":[{\"@type\":\"ReadAction\",\"target\":[\"https:\/\/www.connected-services.net\/espace-traducteurs\/\"]}]},{\"@type\":\"BreadcrumbList\",\"@id\":\"https:\/\/www.connected-services.net\/espace-traducteurs\/#breadcrumb\",\"itemListElement\":[{\"@type\":\"ListItem\",\"position\":1,\"name\":\"Accueil\",\"item\":\"https:\/\/www.connected-services.net\/\"},{\"@type\":\"ListItem\",\"position\":2,\"name\":\"Espace traducteurs\"}]},{\"@type\":\"WebSite\",\"@id\":\"https:\/\/www.connected-services.net\/#website\",\"url\":\"https:\/\/www.connected-services.net\/\",\"name\":\"Connected Language Services\",\"description\":\"Agence de traduction et d&#039;interpr\u00e9tation \u00e0 Marseille\",\"potentialAction\":[{\"@type\":\"SearchAction\",\"target\":{\"@type\":\"EntryPoint\",\"urlTemplate\":\"https:\/\/www.connected-services.net\/?s={search_term_string}\"},\"query-input\":\"required name=search_term_string\"}],\"inLanguage\":\"en-US\"}]}<\/script>\n<!-- \/ Yoast SEO plugin. -->","yoast_head_json":{"title":"Espace traducteurs - Connected Language Services","robots":{"index":"index","follow":"follow","max-snippet":"max-snippet:-1","max-image-preview":"max-image-preview:large","max-video-preview":"max-video-preview:-1"},"canonical":"https:\/\/www.connected-services.net\/en\/espace-traducteurs\/","og_locale":"en_US","og_type":"article","og_title":"Espace traducteurs - Connected Language Services","og_description":"Espace traducteurs","og_url":"https:\/\/www.connected-services.net\/en\/espace-traducteurs\/","og_site_name":"Connected Language Services","article_modified_time":"2023-08-10T13:50:25+00:00","twitter_card":"summary_large_image","twitter_misc":{"Est. reading time":"1 minute"},"schema":{"@context":"https:\/\/schema.org","@graph":[{"@type":"WebPage","@id":"https:\/\/www.connected-services.net\/espace-traducteurs\/","url":"https:\/\/www.connected-services.net\/espace-traducteurs\/","name":"Espace traducteurs - Connected Language Services","isPartOf":{"@id":"https:\/\/www.connected-services.net\/#website"},"datePublished":"2023-05-25T10:25:05+00:00","dateModified":"2023-08-10T13:50:25+00:00","breadcrumb":{"@id":"https:\/\/www.connected-services.net\/espace-traducteurs\/#breadcrumb"},"inLanguage":"en-US","potentialAction":[{"@type":"ReadAction","target":["https:\/\/www.connected-services.net\/espace-traducteurs\/"]}]},{"@type":"BreadcrumbList","@id":"https:\/\/www.connected-services.net\/espace-traducteurs\/#breadcrumb","itemListElement":[{"@type":"ListItem","position":1,"name":"Accueil","item":"https:\/\/www.connected-services.net\/"},{"@type":"ListItem","position":2,"name":"Espace traducteurs"}]},{"@type":"WebSite","@id":"https:\/\/www.connected-services.net\/#website","url":"https:\/\/www.connected-services.net\/","name":"Connected Language Services","description":"Agence de traduction et d&#039;interpr\u00e9tation \u00e0 Marseille","potentialAction":[{"@type":"SearchAction","target":{"@type":"EntryPoint","urlTemplate":"https:\/\/www.connected-services.net\/?s={search_term_string}"},"query-input":"required name=search_term_string"}],"inLanguage":"en-US"}]}},"_links":{"self":[{"href":"https:\/\/www.connected-services.net\/en\/wp-json\/wp\/v2\/pages\/2614","targetHints":{"allow":["GET"]}}],"collection":[{"href":"https:\/\/www.connected-services.net\/en\/wp-json\/wp\/v2\/pages"}],"about":[{"href":"https:\/\/www.connected-services.net\/en\/wp-json\/wp\/v2\/types\/page"}],"author":[{"embeddable":true,"href":"https:\/\/www.connected-services.net\/en\/wp-json\/wp\/v2\/users\/5"}],"replies":[{"embeddable":true,"href":"https:\/\/www.connected-services.net\/en\/wp-json\/wp\/v2\/comments?post=2614"}],"version-history":[{"count":0,"href":"https:\/\/www.connected-services.net\/en\/wp-json\/wp\/v2\/pages\/2614\/revisions"}],"wp:attachment":[{"href":"https:\/\/www.connected-services.net\/en\/wp-json\/wp\/v2\/media?parent=2614"}],"curies":[{"name":"wp","href":"https:\/\/api.w.org\/{rel}","templated":true}]}}